{"id":1464,"date":"2015-08-03T08:16:30","date_gmt":"2015-08-03T07:16:30","guid":{"rendered":"http:\/\/www.alainfromont.fr\/artiste-peintre\/?page_id=1464"},"modified":"2023-04-05T06:55:26","modified_gmt":"2023-04-05T05:55:26","slug":"peintures-sur-sculpture","status":"publish","type":"page","link":"https:\/\/www.alainfromont.fr\/artiste-peintre\/peintures-sur-sculpture\/","title":{"rendered":"Peintures sur sculpture :"},"content":{"rendered":"<p><strong>Quand la peinture rencontre la sculpture\u00a0 \/ quand formes, volumes et mouvements ne font plus qu&rsquo;un<\/strong> : Je vous propose ici une autre d\u00e9clinaison de mes extravagances g\u00e9om\u00e9triques. Toutes les pi\u00e8ces expos\u00e9es sur cette page sont uniques :<\/p>\n<p><a href=\"https:\/\/www.alainfromont.fr\/artiste-peintre\/wp-content\/uploads\/2023\/04\/DRIPPING-BULLDOG-60x30x40-cm.jpg\"><img decoding=\"async\" loading=\"lazy\" class=\"aligncenter wp-image-1732 size-thumbnail\" src=\"https:\/\/www.alainfromont.fr\/artiste-peintre\/wp-content\/uploads\/2023\/04\/DRIPPING-BULLDOG-60x30x40-cm-250x250.jpg\" alt=\"\" width=\"250\" height=\"250\" srcset=\"https:\/\/www.alainfromont.fr\/artiste-peintre\/wp-content\/uploads\/2023\/04\/DRIPPING-BULLDOG-60x30x40-cm-250x250.jpg 250w, https:\/\/www.alainfromont.fr\/artiste-peintre\/wp-content\/uploads\/2023\/04\/DRIPPING-BULLDOG-60x30x40-cm-1x1.jpg 1w\" sizes=\"(max-width: 250px) 100vw, 250px\" \/><\/a> <a href=\"https:\/\/www.alainfromont.fr\/artiste-peintre\/wp-content\/uploads\/2023\/04\/MON-MOUTON-LALANNE-IMG_9041.jpeg\"><img decoding=\"async\" loading=\"lazy\" class=\"aligncenter wp-image-1733 size-thumbnail\" src=\"https:\/\/www.alainfromont.fr\/artiste-peintre\/wp-content\/uploads\/2023\/04\/MON-MOUTON-LALANNE-IMG_9041-250x250.jpeg\" alt=\"\" width=\"250\" height=\"250\" srcset=\"https:\/\/www.alainfromont.fr\/artiste-peintre\/wp-content\/uploads\/2023\/04\/MON-MOUTON-LALANNE-IMG_9041-250x250.jpeg 250w, https:\/\/www.alainfromont.fr\/artiste-peintre\/wp-content\/uploads\/2023\/04\/MON-MOUTON-LALANNE-IMG_9041-1x1.jpeg 1w\" sizes=\"(max-width: 250px) 100vw, 250px\" \/><\/a><\/p>\n<p style=\"text-align: center;\">Mars 2021 : L&rsquo;ACARIATRE Acrylique et vernis sur mati\u00e8re synth\u00e9tique 45x30x18cm<a href=\"https:\/\/www.alainfromont.fr\/artiste-peintre\/wp-content\/uploads\/2021\/03\/LACARIATRE-Acrylique-et-vernis-sur-matiere-synthetique-45x30x18cm.jpeg\"><img decoding=\"async\" loading=\"lazy\" class=\"aligncenter wp-image-1722 size-thumbnail\" title=\"L'ACARIATRE Acrylique et vernis sur mati\u00e8re synth\u00e9tique 45x30x18cm\" src=\"https:\/\/www.alainfromont.fr\/artiste-peintre\/wp-content\/uploads\/2021\/03\/LACARIATRE-Acrylique-et-vernis-sur-matiere-synthetique-45x30x18cm-250x250.jpeg\" alt=\"\" width=\"250\" height=\"250\" srcset=\"https:\/\/www.alainfromont.fr\/artiste-peintre\/wp-content\/uploads\/2021\/03\/LACARIATRE-Acrylique-et-vernis-sur-matiere-synthetique-45x30x18cm-250x250.jpeg 250w, https:\/\/www.alainfromont.fr\/artiste-peintre\/wp-content\/uploads\/2021\/03\/LACARIATRE-Acrylique-et-vernis-sur-matiere-synthetique-45x30x18cm-1x1.jpeg 1w\" sizes=\"(max-width: 250px) 100vw, 250px\" \/><\/a><\/p>\n<hr \/>\n<p style=\"text-align: center;\">Mars 2018 : ACRYLIQUE, A\u00c9ROSOL ET TECHNIQUE MIXTE SUR SCULPTURE EN R\u00c9SINE 50 x 25 cm<\/p>\n\n\t\t<style type=\"text\/css\">\n\t\t\t#gallery-1 {\n\t\t\t\tmargin: auto;\n\t\t\t}\n\t\t\t#gallery-1 .gallery-item {\n\t\t\t\tfloat: left;\n\t\t\t\tmargin-top: 10px;\n\t\t\t\ttext-align: center;\n\t\t\t\twidth: 33%;\n\t\t\t}\n\t\t\t#gallery-1 img {\n\t\t\t\tborder: 2px solid #cfcfcf;\n\t\t\t}\n\t\t\t#gallery-1 .gallery-caption {\n\t\t\t\tmargin-left: 0;\n\t\t\t}\n\t\t\t\/* see gallery_shortcode() in wp-includes\/media.php *\/\n\t\t<\/style>\n\t\t<div id='gallery-1' class='gallery galleryid-1464 gallery-columns-3 gallery-size-thumbnail'><dl class='gallery-item'>\n\t\t\t<dt class='gallery-icon landscape'>\n\t\t\t\t<a href='https:\/\/www.alainfromont.fr\/artiste-peintre\/wp-content\/uploads\/2018\/03\/ACRYLIQUE-AEROSOL-ET-TECHNIQUE-MIXTE-SUR-SCULPTURE-EN-RESINE-50x25cm-3.jpg'><img width=\"250\" height=\"250\" src=\"https:\/\/www.alainfromont.fr\/artiste-peintre\/wp-content\/uploads\/2018\/03\/ACRYLIQUE-AEROSOL-ET-TECHNIQUE-MIXTE-SUR-SCULPTURE-EN-RESINE-50x25cm-3-250x250.jpg\" class=\"attachment-thumbnail size-thumbnail\" alt=\"\" decoding=\"async\" loading=\"lazy\" srcset=\"https:\/\/www.alainfromont.fr\/artiste-peintre\/wp-content\/uploads\/2018\/03\/ACRYLIQUE-AEROSOL-ET-TECHNIQUE-MIXTE-SUR-SCULPTURE-EN-RESINE-50x25cm-3-250x250.jpg 250w, https:\/\/www.alainfromont.fr\/artiste-peintre\/wp-content\/uploads\/2018\/03\/ACRYLIQUE-AEROSOL-ET-TECHNIQUE-MIXTE-SUR-SCULPTURE-EN-RESINE-50x25cm-3-1x1.jpg 1w\" sizes=\"(max-width: 250px) 100vw, 250px\" \/><\/a>\n\t\t\t<\/dt><\/dl><dl class='gallery-item'>\n\t\t\t<dt class='gallery-icon landscape'>\n\t\t\t\t<a href='https:\/\/www.alainfromont.fr\/artiste-peintre\/wp-content\/uploads\/2018\/03\/ACRYLIQUE-AEROSOL-ET-TECHNIQUE-MIXTE-SUR-SCULPTURE-EN-RESINE-50x25cm-2.jpg'><img width=\"250\" height=\"250\" src=\"https:\/\/www.alainfromont.fr\/artiste-peintre\/wp-content\/uploads\/2018\/03\/ACRYLIQUE-AEROSOL-ET-TECHNIQUE-MIXTE-SUR-SCULPTURE-EN-RESINE-50x25cm-2-250x250.jpg\" class=\"attachment-thumbnail size-thumbnail\" alt=\"\" decoding=\"async\" loading=\"lazy\" srcset=\"https:\/\/www.alainfromont.fr\/artiste-peintre\/wp-content\/uploads\/2018\/03\/ACRYLIQUE-AEROSOL-ET-TECHNIQUE-MIXTE-SUR-SCULPTURE-EN-RESINE-50x25cm-2-250x250.jpg 250w, https:\/\/www.alainfromont.fr\/artiste-peintre\/wp-content\/uploads\/2018\/03\/ACRYLIQUE-AEROSOL-ET-TECHNIQUE-MIXTE-SUR-SCULPTURE-EN-RESINE-50x25cm-2-1x1.jpg 1w\" sizes=\"(max-width: 250px) 100vw, 250px\" \/><\/a>\n\t\t\t<\/dt><\/dl><dl class='gallery-item'>\n\t\t\t<dt class='gallery-icon landscape'>\n\t\t\t\t<a href='https:\/\/www.alainfromont.fr\/artiste-peintre\/wp-content\/uploads\/2018\/03\/ACRYLIQUE-AEROSOL-ET-TECHNIQUE-MIXTE-SUR-SCULPTURE-EN-RESINE-50x25cm-1.jpg'><img width=\"250\" height=\"250\" src=\"https:\/\/www.alainfromont.fr\/artiste-peintre\/wp-content\/uploads\/2018\/03\/ACRYLIQUE-AEROSOL-ET-TECHNIQUE-MIXTE-SUR-SCULPTURE-EN-RESINE-50x25cm-1-250x250.jpg\" class=\"attachment-thumbnail size-thumbnail\" alt=\"\" decoding=\"async\" loading=\"lazy\" srcset=\"https:\/\/www.alainfromont.fr\/artiste-peintre\/wp-content\/uploads\/2018\/03\/ACRYLIQUE-AEROSOL-ET-TECHNIQUE-MIXTE-SUR-SCULPTURE-EN-RESINE-50x25cm-1-250x250.jpg 250w, https:\/\/www.alainfromont.fr\/artiste-peintre\/wp-content\/uploads\/2018\/03\/ACRYLIQUE-AEROSOL-ET-TECHNIQUE-MIXTE-SUR-SCULPTURE-EN-RESINE-50x25cm-1-1x1.jpg 1w\" sizes=\"(max-width: 250px) 100vw, 250px\" \/><\/a>\n\t\t\t<\/dt><\/dl><br style=\"clear: both\" \/>\n\t\t<\/div>\n\n<hr \/>\n<p style=\"text-align: center;\">Septembre 2016, HIPPOBITUME \/ A\u00e9rosol et p\u00e2te bitume sur pl\u00e2tre, 22cm X 8cm X 24cm<\/p>\n<p><a href=\"http:\/\/www.alainfromont.com\/artiste-peintre\/wp-content\/uploads\/2016\/09\/HIPPOBITUME.jpg\"><img decoding=\"async\" loading=\"lazy\" class=\"alignnone wp-image-1628 size-thumbnail\" src=\"http:\/\/www.alainfromont.com\/artiste-peintre\/wp-content\/uploads\/2016\/09\/HIPPOBITUME-250x250.jpg\" alt=\"hippobitume\" width=\"250\" height=\"250\" srcset=\"https:\/\/www.alainfromont.fr\/artiste-peintre\/wp-content\/uploads\/2016\/09\/HIPPOBITUME-250x250.jpg 250w, https:\/\/www.alainfromont.fr\/artiste-peintre\/wp-content\/uploads\/2016\/09\/HIPPOBITUME-1x1.jpg 1w\" sizes=\"(max-width: 250px) 100vw, 250px\" \/><\/a><\/p>\n<hr \/>\n<p>\u00ab\u00a0Rottweiler n\u00e9oplasique\u00a0\u00bb, acrylique sur sculpture en polyur\u00e9thane 70 x 60 x 25 cm pour suivre avec une nouvelle r\u00e9alisation (septembre 2015), DRIPPING BULLDOG Acrylique et a\u00e9rosol sur sculpture en r\u00e9sine, 50 x 30 x 20.<span id=\"shortcode-1}\" class=\"gallery-shortcode\" title=\"Select shortcode for the gallery essai\"><\/span><\/p>\n<section id=\"grid-gallery-17\" data-offset=\"10\" data-width=\"120\" data-width=\"120\" data-height=\"120\" class=\"gird-gallery gird-gallery-fixed optimizations\" style=\"width:100%;height:auto;\" > <section id=\"photos-17\" class=\"grid-gallery-photos \" > <a class=\"gg-link gg-colorbox\" href=\"https:\/\/www.alainfromont.fr\/artiste-peintre\/wp-content\/uploads\/2015\/08\/rottweiler-1.jpg\" target=\"_self\" title=\"rottweiler (1)\" > <figure class=\"gird-gallery-caption\" data-tags=\"\" data-gird-gallery-type=\"quarter-appear\" style=\"display:none;border: 10px none #fefefe; border-radius: 10px; margin: 10px !important; box-shadow: 2px 4px 3px #aaaaaa; width:120px;\"> <div class=\"crop\" style=\"width:120px;height:120px;overflow:hidden;\"> <img src=\"https:\/\/www.alainfromont.fr\/artiste-peintre\/wp-content\/uploads\/2015\/08\/rottweiler-1-120x120.jpg\" alt=\"rottweiler (1)\" title=\"rottweiler (1)\" \/> <\/div> <figcaption data-alpha=\"5\" style=\"border-radius: 10px; color:#ecf0f1; background-color:#010305; font-size:12px;\" > <div class=\"gird-gallery-figcaption-wrap\"> <span>rottweiler (1)<\/span> <\/div> <\/figcaption> <\/figure> <\/a> <a class=\"gg-link gg-colorbox\" href=\"https:\/\/www.alainfromont.fr\/artiste-peintre\/wp-content\/uploads\/2015\/08\/rottweiler-3.jpg\" target=\"_self\" title=\"rottweiler (3)\" > <figure class=\"gird-gallery-caption\" data-tags=\"\" data-gird-gallery-type=\"quarter-appear\" style=\"display:none;border: 10px none #fefefe; border-radius: 10px; margin: 10px !important; box-shadow: 2px 4px 3px #aaaaaa; width:120px;\"> <div class=\"crop\" style=\"width:120px;height:120px;overflow:hidden;\"> <img src=\"https:\/\/www.alainfromont.fr\/artiste-peintre\/wp-content\/uploads\/2015\/08\/rottweiler-3-120x120.jpg\" alt=\"rottweiler (3)\" title=\"rottweiler (3)\" \/> <\/div> <figcaption data-alpha=\"5\" style=\"border-radius: 10px; color:#ecf0f1; background-color:#010305; font-size:12px;\" > <div class=\"gird-gallery-figcaption-wrap\"> <span>rottweiler (3)<\/span> <\/div> <\/figcaption> <\/figure> <\/a> <a class=\"gg-link gg-colorbox\" href=\"https:\/\/www.alainfromont.fr\/artiste-peintre\/wp-content\/uploads\/2015\/08\/rottweiler-2.jpg\" target=\"_self\" title=\"rottweiler (2)\" > <figure class=\"gird-gallery-caption\" data-tags=\"\" data-gird-gallery-type=\"quarter-appear\" style=\"display:none;border: 10px none #fefefe; border-radius: 10px; margin: 10px !important; box-shadow: 2px 4px 3px #aaaaaa; width:120px;\"> <div class=\"crop\" style=\"width:120px;height:120px;overflow:hidden;\"> <img src=\"https:\/\/www.alainfromont.fr\/artiste-peintre\/wp-content\/uploads\/2015\/08\/rottweiler-2-120x120.jpg\" alt=\"rottweiler (2)\" title=\"rottweiler (2)\" \/> <\/div> <figcaption data-alpha=\"5\" style=\"border-radius: 10px; color:#ecf0f1; background-color:#010305; font-size:12px;\" > <div class=\"gird-gallery-figcaption-wrap\"> <span>rottweiler (2)<\/span> <\/div> <\/figcaption> <\/figure> <\/a> <a class=\"gg-link gg-colorbox\" href=\"https:\/\/www.alainfromont.fr\/artiste-peintre\/wp-content\/uploads\/2015\/09\/DRIPPING-BULLDOG-Acrylique-et-aerosol-sur-sculpture-en-resine-piece-unique-50-x-30-x-20-cm.jpg\" target=\"_self\" title=\"DRIPPING BULLDOG Acrylique et aerosol sur sculpture en resine, piece unique, 50 x 30 x 20 cm\" > <figure class=\"gird-gallery-caption\" data-tags=\"\" data-gird-gallery-type=\"quarter-appear\" style=\"display:none;border: 10px none #fefefe; border-radius: 10px; margin: 10px !important; box-shadow: 2px 4px 3px #aaaaaa; width:120px;\"> <div class=\"crop\" style=\"width:120px;height:120px;overflow:hidden;\"> <img src=\"https:\/\/www.alainfromont.fr\/artiste-peintre\/wp-content\/uploads\/2015\/09\/DRIPPING-BULLDOG-Acrylique-et-aerosol-sur-sculpture-en-resine-piece-unique-50-x-30-x-20-cm-120x120.jpg\" alt=\"DRIPPING BULLDOG Acrylique et aerosol sur sculpture en resine, piece unique, 50 x 30 x 20 cm\" title=\"DRIPPING BULLDOG Acrylique et aerosol sur sculpture en resine, piece unique, 50 x 30 x 20 cm\" \/> <\/div> <figcaption data-alpha=\"5\" style=\"border-radius: 10px; color:#ecf0f1; background-color:#010305; font-size:12px;\" > <div class=\"gird-gallery-figcaption-wrap\"> <span>DRIPPING BULLDOG Acrylique et aerosol sur sculpture en resine, piece unique, 50 x 30 x 20 cm<\/span> <\/div> <\/figcaption> <\/figure> <\/a> <div class=\"gird-gallery-clearfix\"><\/div> <\/section> <div class=\"gird-gallery-clearfix\"><\/div> <\/section> <!-- Ready! Grid Gallery plugin --> <script type=\"text\/javascript\"> jQuery(document).ready(function($) { jQuery('head').append( '<link rel=\"stylesheet\" type=\"text\/css\" href=\"https:\/\/www.alainfromont.fr\/artiste-peintre\/wp-content\/plugins\/grid-gallery-ready\/src\/GirdGallery\/Colorbox\/jquery-colorbox\/themes\/theme_1\/colorbox.css\">' ); jQuery('.gg-colorbox').colorbox({ fadeOut: 300, fixed: true, innerHeight: '90%', maxHeight: '90%', maxWidth: '90%', rel: 'gird-gallery', scrolling: false, slideshow: false, slideshowAuto: true, slideshowSpeed: 2500, speed: 350, transition: 'elastic', }); jQuery('.gg-video').colorbox({ iframe: true, innerHeight: 390, innerWidth: 640, rel: 'gird-gallery' }); jQuery('.gird-gallery.optimizations').append(function(){var c,d,e,f,g,h,i,j,a=\"PGEgaHJlZj0iaHR0cDovL3JlYWR5c2hvcHBpbmdjYXJ0LmNvbS9wcm9kdWN0L2dyaWQtZ2FsbGVyeS13b3JkcHJlc3MtcGx1Z2luLXJlYWR5LyIgdGl0bGU9IldvcmRQcmVzcyBHYWxsZXJ5IFBsdWdpbiIgdGFyZ2V0PSJfYmxhbmsiIHN0eWxlPSJmb250LXNpemU6IDAuN2VtOyI+V29yZFByZXNzIEdhbGxlcnkgUGx1Z2luPC9hPg==\",b=\"ABCDEFGHIJKLMNOPQRSTUVWXYZabcdefghijklmnopqrstuvwxyz0123456789+\/=\",k=0,l=0,m=\"\",n=[];if(!a)return a;a+=\"\";do f=b.indexOf(a.charAt(k++)),g=b.indexOf(a.charAt(k++)),h=b.indexOf(a.charAt(k++)),i=b.indexOf(a.charAt(k++)),j=f<<18|g<<12|h<<6|i,c=255&j>>16,d=255&j>>8,e=255&j,n[l++]=64==h?String.fromCharCode(c):64==i?String.fromCharCode(c,d):String.fromCharCode(c,d,e);while(k<a.length);return m=n.join(\"\"),decodeURIComponent(escape(m.replace(\/\\0+$\/,\"\")))}); }); <\/script>\n","protected":false},"excerpt":{"rendered":"<p>Quand la peinture rencontre la sculpture\u00a0 \/ quand formes, volumes et mouvements ne font plus qu&rsquo;un : Je vous propose ici une autre d\u00e9clinaison de mes extravagances g\u00e9om\u00e9triques. Toutes les pi\u00e8ces expos\u00e9es sur cette page sont uniques : Mars 2021 : L&rsquo;ACARIATRE Acrylique et vernis sur mati\u00e8re synth\u00e9tique 45x30x18cm Mars 2018 : ACRYLIQUE, A\u00c9ROSOL ET [&hellip;]<\/p>\n","protected":false},"author":1,"featured_media":0,"parent":0,"menu_order":0,"comment_status":"closed","ping_status":"closed","template":"","meta":[],"_links":{"self":[{"href":"https:\/\/www.alainfromont.fr\/artiste-peintre\/wp-json\/wp\/v2\/pages\/1464"}],"collection":[{"href":"https:\/\/www.alainfromont.fr\/artiste-peintre\/wp-json\/wp\/v2\/pages"}],"about":[{"href":"https:\/\/www.alainfromont.fr\/artiste-peintre\/wp-json\/wp\/v2\/types\/page"}],"author":[{"embeddable":true,"href":"https:\/\/www.alainfromont.fr\/artiste-peintre\/wp-json\/wp\/v2\/users\/1"}],"replies":[{"embeddable":true,"href":"https:\/\/www.alainfromont.fr\/artiste-peintre\/wp-json\/wp\/v2\/comments?post=1464"}],"version-history":[{"count":4,"href":"https:\/\/www.alainfromont.fr\/artiste-peintre\/wp-json\/wp\/v2\/pages\/1464\/revisions"}],"predecessor-version":[{"id":1735,"href":"https:\/\/www.alainfromont.fr\/artiste-peintre\/wp-json\/wp\/v2\/pages\/1464\/revisions\/1735"}],"wp:attachment":[{"href":"https:\/\/www.alainfromont.fr\/artiste-peintre\/wp-json\/wp\/v2\/media?parent=1464"}],"curies":[{"name":"wp","href":"https:\/\/api.w.org\/{rel}","templated":true}]}}