{"id":188,"date":"2014-08-26T10:14:06","date_gmt":"2014-08-26T09:14:06","guid":{"rendered":"http:\/\/www.alainfromont.fr\/artiste-peintre\/?page_id=188"},"modified":"2019-03-05T11:26:19","modified_gmt":"2019-03-05T10:26:19","slug":"series-et-clins-doeil","status":"publish","type":"page","link":"https:\/\/www.alainfromont.fr\/artiste-peintre\/series-et-clins-doeil\/","title":{"rendered":"Series et clins d&rsquo;oeil&#8230;"},"content":{"rendered":"<p>Mon travail prend diverses directions et s&rsquo;\u00e9tale au gr\u00e9 de mes humeurs, de mes rencontres et de mes sensations personnelles&#8230; Aussi certaines toiles r\u00e9sonnent avec d&rsquo;autres pour former des t\u00e9tralogies, des trilogies, des triptyques et diptyque&#8230; Ces s\u00e9ries sont compos\u00e9es de tableaux interd\u00e9pendants et se doivent d&rsquo;\u00eatre compris \u00ab\u00a0dans un ensemble\u00a0\u00bb. Toutes ces s\u00e9ries racontent une histoire : la mienne et la votre. Voil\u00e0 pourquoi j&rsquo;ai choisi de vous pr\u00e9senter ces s\u00e9ries en apart\u00e9 (vous retrouverez bien entendu toutes ces toiles dans la section \u00ab\u00a0Mon travail\u00a0\u00bb) :<\/p>\n<ol>\n<li><a href=\"http:\/\/www.alainfromont.fr\/artiste-peintre\/serie-multi-dualite\/\"><strong>Multi Dualit\u00e9<\/strong>.<\/a><\/li>\n<li><a href=\"http:\/\/www.alainfromont.fr\/artiste-peintre\/serie-les-sensuelles\/\"><strong>Sensuelle<\/strong>.<\/a><\/li>\n<li><a href=\"http:\/\/www.alainfromont.fr\/artiste-peintre\/serie-hommage-a-piet-mondrian\/\"><strong> Trilogie Hommage \u00e0 P. Mondrian<\/strong>.<\/a><\/li>\n<li>\n<div><a href=\"http:\/\/www.alainfromont.fr\/artiste-peintre\/serie-trahison-de-lami-tetralogie\/\"><strong>Trahison de l&rsquo;ami<\/strong><\/a> (T\u00e9tralogie).<\/div>\n<\/li>\n<li><a href=\"http:\/\/www.alainfromont.fr\/artiste-peintre\/la-trilogie-de-la-desesperance\/\"><strong>Trilogie de la D\u00e9sesp\u00e9rance<\/strong><strong>.<\/strong><\/a><\/li>\n<li><a href=\"http:\/\/www.alainfromont.fr\/artiste-peintre\/serie-evolution-speculative\/\"><strong>Evolution sp\u00e9culative<\/strong><\/a> (trilogie).<\/li>\n<li><a href=\"http:\/\/www.alainfromont.fr\/artiste-peintre\/serie-trilogie-de-la-maternite\/\"><strong>Maternit\u00e9<\/strong><\/a> (trilogie).<\/li>\n<li>\n<div><a href=\"http:\/\/www.alainfromont.fr\/artiste-peintre\/serie-visita-interiora-terrae\/\"><strong>Visita Interiora Terrae<\/strong><\/a> (Diptyque).<\/div>\n<\/li>\n<li>\n<div><a href=\"http:\/\/www.alainfromont.fr\/artiste-peintre\/serie-equilibre-desequilibre\/\"><strong>Equilibre, d\u00e9s\u00e9quilibre<\/strong>.<\/a><\/div>\n<\/li>\n<\/ol>\n","protected":false},"excerpt":{"rendered":"<p>Mon travail prend diverses directions et s&rsquo;\u00e9tale au gr\u00e9 de mes humeurs, de mes rencontres et de mes sensations personnelles&#8230; Aussi certaines toiles r\u00e9sonnent avec d&rsquo;autres pour former des t\u00e9tralogies, des trilogies, des triptyques et diptyque&#8230; Ces s\u00e9ries sont compos\u00e9es de tableaux interd\u00e9pendants et se doivent d&rsquo;\u00eatre compris \u00ab\u00a0dans un ensemble\u00a0\u00bb. Toutes ces s\u00e9ries racontent [&hellip;]<\/p>\n","protected":false},"author":1,"featured_media":0,"parent":0,"menu_order":0,"comment_status":"closed","ping_status":"closed","template":"","meta":[],"_links":{"self":[{"href":"https:\/\/www.alainfromont.fr\/artiste-peintre\/wp-json\/wp\/v2\/pages\/188"}],"collection":[{"href":"https:\/\/www.alainfromont.fr\/artiste-peintre\/wp-json\/wp\/v2\/pages"}],"about":[{"href":"https:\/\/www.alainfromont.fr\/artiste-peintre\/wp-json\/wp\/v2\/types\/page"}],"author":[{"embeddable":true,"href":"https:\/\/www.alainfromont.fr\/artiste-peintre\/wp-json\/wp\/v2\/users\/1"}],"replies":[{"embeddable":true,"href":"https:\/\/www.alainfromont.fr\/artiste-peintre\/wp-json\/wp\/v2\/comments?post=188"}],"version-history":[{"count":0,"href":"https:\/\/www.alainfromont.fr\/artiste-peintre\/wp-json\/wp\/v2\/pages\/188\/revisions"}],"wp:attachment":[{"href":"https:\/\/www.alainfromont.fr\/artiste-peintre\/wp-json\/wp\/v2\/media?parent=188"}],"curies":[{"name":"wp","href":"https:\/\/api.w.org\/{rel}","templated":true}]}}