{"id":21,"date":"2014-08-26T09:01:40","date_gmt":"2014-08-26T08:01:40","guid":{"rendered":"http:\/\/www.alainfromont.fr\/artiste-peintre\/?page_id=21"},"modified":"2019-03-05T11:40:08","modified_gmt":"2019-03-05T10:40:08","slug":"mon-travail","status":"publish","type":"page","link":"https:\/\/www.alainfromont.fr\/artiste-peintre\/mon-travail\/","title":{"rendered":"Mon travail"},"content":{"rendered":"<section id=\"builder-section-1409040121079\" class=\"builder-section builder-section-first builder-section-blank builder-section-last\">\n<header class=\"builder-section-header\">\n<h3 class=\"builder-section-title builder-blank-section-title\">Ma peinture :<\/h3>\n<\/header>\n<div class=\"builder-section-content\">\n<div class=\"builder-blank-content\">\n<p><span class=\"Style1\">Ma peinture est dite \u00ab\u00a0g\u00e9om\u00e9trique\u00a0\u00bb, elle est empreinte d&rsquo;\u00e9quilibre, de l\u00e9g\u00e8ret\u00e9 et de mouvement, tant du point de vue de la mati\u00e8re que de celui du sujet dans son ensemble. La peinture, en diverses couches de plus ou moins importante \u00e9paisseur, est pos\u00e9e simplement sur la toile, avec un mouvement de pinceau effectu\u00e9 au moment pr\u00e9cis du d\u00e9p\u00f4t de celle ci, sans l&rsquo;\u00e9craser, de fa\u00e7on \u00e0 donner cette impression de mouvement et de l\u00e9g\u00e8ret\u00e9, et aussi de fa\u00e7on \u00e0 maintenir son aspect tel qu&rsquo;il existe au sortir du tube, les limites de chaque zone \u00e9tant pr\u00e9cis\u00e9ment \u00e9tablies durant l&rsquo;\u00e9tude, qui se fait toujours sur papier, avant la r\u00e9alisation de la toile elle m\u00eame. Certains tableaux sont appel\u00e9s \u00ab\u00a0c&rsquo;est comme vous voulez\u00a0\u00bb, ils peuvent \u00eatre accroch\u00e9s de diff\u00e9rentes fa\u00e7ons. <\/span><\/p>\n<blockquote><p>Pour aller plus loin, voici une <a href=\"http:\/\/www.alainfromont.fr\/artiste-peintre\/article-de-la-journaliste-libanaise-doha-mol\/\">description de mon travail vu par la journaliste libanaise Doha Mol.<\/a><\/p>\n<p>Voici \u00e9galement un point de vue int\u00e9ressant de <a href=\"http:\/\/www.alainfromont.fr\/artiste-peintre\/alain-fromont-vu-par-marie-dromigny-hypnotherapeute\/\">Marie Dromigny (<\/a><a href=\"http:\/\/www.alainfromont.com\/artiste-peintre\/alain-fromont-vu-par-marie-dromigny-hypnotherapeute\/\"><span class=\"color_26\">Coach ,\u00a0<\/span><span class=\"color_26\">Superviseur et\u00a0<\/span><span class=\"color_26\">Hypnoth\u00e9rapeute)<\/span><\/a><\/p><\/blockquote>\n<p>&nbsp;<\/p>\n<\/div>\n<\/div>\n<\/section>\n","protected":false},"excerpt":{"rendered":"<p>Ma peinture : Ma peinture est dite \u00ab\u00a0g\u00e9om\u00e9trique\u00a0\u00bb, elle est empreinte d&rsquo;\u00e9quilibre, de l\u00e9g\u00e8ret\u00e9 et de mouvement, tant du point de vue de la mati\u00e8re que de celui du sujet dans son ensemble. La peinture, en diverses couches de plus ou moins importante \u00e9paisseur, est pos\u00e9e simplement sur la toile, avec un mouvement de pinceau [&hellip;]<\/p>\n","protected":false},"author":1,"featured_media":0,"parent":0,"menu_order":0,"comment_status":"closed","ping_status":"closed","template":"","meta":[],"_links":{"self":[{"href":"https:\/\/www.alainfromont.fr\/artiste-peintre\/wp-json\/wp\/v2\/pages\/21"}],"collection":[{"href":"https:\/\/www.alainfromont.fr\/artiste-peintre\/wp-json\/wp\/v2\/pages"}],"about":[{"href":"https:\/\/www.alainfromont.fr\/artiste-peintre\/wp-json\/wp\/v2\/types\/page"}],"author":[{"embeddable":true,"href":"https:\/\/www.alainfromont.fr\/artiste-peintre\/wp-json\/wp\/v2\/users\/1"}],"replies":[{"embeddable":true,"href":"https:\/\/www.alainfromont.fr\/artiste-peintre\/wp-json\/wp\/v2\/comments?post=21"}],"version-history":[{"count":0,"href":"https:\/\/www.alainfromont.fr\/artiste-peintre\/wp-json\/wp\/v2\/pages\/21\/revisions"}],"wp:attachment":[{"href":"https:\/\/www.alainfromont.fr\/artiste-peintre\/wp-json\/wp\/v2\/media?parent=21"}],"curies":[{"name":"wp","href":"https:\/\/api.w.org\/{rel}","templated":true}]}}