{"id":750,"date":"2014-09-04T08:18:50","date_gmt":"2014-09-04T07:18:50","guid":{"rendered":"http:\/\/www.alainfromont.fr\/artiste-peintre\/?page_id=750"},"modified":"2015-01-14T11:35:39","modified_gmt":"2015-01-14T10:35:39","slug":"serie-equilibre-desequilibre","status":"publish","type":"page","link":"https:\/\/www.alainfromont.fr\/artiste-peintre\/serie-equilibre-desequilibre\/","title":{"rendered":"Serie : \u00c9quilibre, d\u00e9s\u00e9quilibre."},"content":{"rendered":"<p><strong>\u00c9QUILIBRE, D\u00c9S\u00c9QUILIBRE. Acrylique sur toile \/ s\u00e9rie en construction&#8230;<\/strong><\/p>\n<p>Petit format : 92 x 73 cm<\/p>\n<p>Grand format : 130 x 97 cm<\/p>\n<p>&nbsp;<\/p>\n<p><span id=\"shortcode-9}\" class=\"gallery-shortcode\" title=\"Select shortcode for the gallery serie equilibre desequilibre\"><section id=\"grid-gallery-9\" data-offset=\"15\" data-width=\"250\" data-width=\"250\" data-height=\"150\" class=\"gird-gallery gird-gallery-fluid-height optimizations\" style=\"width:100%;height:auto;\" > <section id=\"photos-9\" class=\"grid-gallery-photos \" > <a class=\"gg-link gg-colorbox\" href=\"https:\/\/www.alainfromont.fr\/artiste-peintre\/wp-content\/uploads\/2014\/12\/EQUILIBRE-DESEQUILIBRE-2-AST-130x97-cm1.jpg\" target=\"_self\" title=\"EQUILIBRE DESEQUILIBRE-2-AST 130x97 cm\" > <figure class=\"gird-gallery-caption\" data-tags=\"\" data-gird-gallery-type=\"quarter-appear\" style=\"display:none;border: 10px none #fefefe; border-radius: 10px; margin: 15px !important; box-shadow: 2px 4px 3px #1d1d1d; width:250px;\"> <div class=\"crop\" style=\"\"> <img src=\"https:\/\/www.alainfromont.fr\/artiste-peintre\/wp-content\/uploads\/2014\/12\/EQUILIBRE-DESEQUILIBRE-2-AST-130x97-cm1-250x333.jpg\" alt=\"EQUILIBRE DESEQUILIBRE-2-AST 130x97 cm\" title=\"EQUILIBRE DESEQUILIBRE-2-AST 130x97 cm\" \/> <\/div> <figcaption data-alpha=\"5\" style=\"border-radius: 10px; color:#ecf0f1; background-color:#010305; font-size:12px;\" > <div class=\"gird-gallery-figcaption-wrap\"> <span>EQUILIBRE DESEQUILIBRE-2-AST 130x97 cm<\/span> <\/div> <\/figcaption> <\/figure> <\/a> <a class=\"gg-link gg-colorbox\" href=\"https:\/\/www.alainfromont.fr\/artiste-peintre\/wp-content\/uploads\/2014\/12\/EQUILIBRE-DESEQUILIBRE-5-Acrylique-sur-toile-92-x73-cm.jpg\" target=\"_self\" title=\"EQUILIBRE, DESEQUILIBRE 5 Acrylique sur toile 92 x73 cm\" > <figure class=\"gird-gallery-caption\" data-tags=\"\" data-gird-gallery-type=\"quarter-appear\" style=\"display:none;border: 10px none #fefefe; border-radius: 10px; margin: 15px !important; box-shadow: 2px 4px 3px #1d1d1d; width:250px;\"> <div class=\"crop\" style=\"\"> <img src=\"https:\/\/www.alainfromont.fr\/artiste-peintre\/wp-content\/uploads\/2014\/12\/EQUILIBRE-DESEQUILIBRE-5-Acrylique-sur-toile-92-x73-cm-250x188.jpg\" alt=\"EQUILIBRE, DESEQUILIBRE 5 Acrylique sur toile 92 x73 cm\" title=\"EQUILIBRE, DESEQUILIBRE 5 Acrylique sur toile 92 x73 cm\" \/> <\/div> <figcaption data-alpha=\"5\" style=\"border-radius: 10px; color:#ecf0f1; background-color:#010305; font-size:12px;\" > <div class=\"gird-gallery-figcaption-wrap\"> <span>EQUILIBRE, DESEQUILIBRE 5 Acrylique sur toile 92 x73 cm<\/span> <\/div> <\/figcaption> <\/figure> <\/a> <a class=\"gg-link gg-colorbox\" href=\"https:\/\/www.alainfromont.fr\/artiste-peintre\/wp-content\/uploads\/2014\/12\/EQUILIBRE-DESEQUILIBRE-3.jpg\" target=\"_self\" title=\"EQUILIBRE DESEQUILIBRE 3\" > <figure class=\"gird-gallery-caption\" data-tags=\"\" data-gird-gallery-type=\"quarter-appear\" style=\"display:none;border: 10px none #fefefe; border-radius: 10px; margin: 15px !important; box-shadow: 2px 4px 3px #1d1d1d; width:250px;\"> <div class=\"crop\" style=\"\"> <img src=\"https:\/\/www.alainfromont.fr\/artiste-peintre\/wp-content\/uploads\/2014\/12\/EQUILIBRE-DESEQUILIBRE-3-250x188.jpg\" alt=\"EQUILIBRE DESEQUILIBRE 3\" title=\"EQUILIBRE DESEQUILIBRE 3\" \/> <\/div> <figcaption data-alpha=\"5\" style=\"border-radius: 10px; color:#ecf0f1; background-color:#010305; font-size:12px;\" > <div class=\"gird-gallery-figcaption-wrap\"> <span>EQUILIBRE DESEQUILIBRE 3<\/span> <\/div> <\/figcaption> <\/figure> <\/a> <a class=\"gg-link gg-colorbox\" href=\"https:\/\/www.alainfromont.fr\/artiste-peintre\/wp-content\/uploads\/2014\/12\/EQUILIBRE-DESEQUILIBRE-4.jpg\" target=\"_self\" title=\"EQUILIBRE DESEQUILIBRE 4\" > <figure class=\"gird-gallery-caption\" data-tags=\"\" data-gird-gallery-type=\"quarter-appear\" style=\"display:none;border: 10px none #fefefe; border-radius: 10px; margin: 15px !important; box-shadow: 2px 4px 3px #1d1d1d; width:250px;\"> <div class=\"crop\" style=\"\"> <img src=\"https:\/\/www.alainfromont.fr\/artiste-peintre\/wp-content\/uploads\/2014\/12\/EQUILIBRE-DESEQUILIBRE-4-250x188.jpg\" alt=\"EQUILIBRE DESEQUILIBRE 4\" title=\"EQUILIBRE DESEQUILIBRE 4\" \/> <\/div> <figcaption data-alpha=\"5\" style=\"border-radius: 10px; color:#ecf0f1; background-color:#010305; font-size:12px;\" > <div class=\"gird-gallery-figcaption-wrap\"> <span>EQUILIBRE DESEQUILIBRE 4<\/span> <\/div> <\/figcaption> <\/figure> <\/a> <a class=\"gg-link gg-colorbox\" href=\"https:\/\/www.alainfromont.fr\/artiste-peintre\/wp-content\/uploads\/2014\/12\/EQUILIBRE-DESEQUILIBRE-EN-ROUGE-ET-NOIR-AST-92X73CM1.jpg\" target=\"_self\" title=\"EQUILIBRE DESEQUILIBRE EN ROUGE ET NOIR AST 92X73CM\" > <figure class=\"gird-gallery-caption\" data-tags=\"\" data-gird-gallery-type=\"quarter-appear\" style=\"display:none;border: 10px none #fefefe; border-radius: 10px; margin: 15px !important; box-shadow: 2px 4px 3px #1d1d1d; width:250px;\"> <div class=\"crop\" style=\"\"> <img src=\"https:\/\/www.alainfromont.fr\/artiste-peintre\/wp-content\/uploads\/2014\/12\/EQUILIBRE-DESEQUILIBRE-EN-ROUGE-ET-NOIR-AST-92X73CM1-250x188.jpg\" alt=\"EQUILIBRE DESEQUILIBRE EN ROUGE ET NOIR AST 92X73CM\" title=\"EQUILIBRE DESEQUILIBRE EN ROUGE ET NOIR AST 92X73CM\" \/> <\/div> <figcaption data-alpha=\"5\" style=\"border-radius: 10px; color:#ecf0f1; background-color:#010305; font-size:12px;\" > <div class=\"gird-gallery-figcaption-wrap\"> <span>EQUILIBRE DESEQUILIBRE EN ROUGE ET NOIR AST 92X73CM<\/span> <\/div> <\/figcaption> <\/figure> <\/a> <a class=\"gg-link gg-colorbox\" href=\"https:\/\/www.alainfromont.fr\/artiste-peintre\/wp-content\/uploads\/2014\/12\/EQUILIBRE-DESEQUILIBRE-AST-92x73cm1.jpg\" target=\"_self\" title=\"EQUILIBRE DESEQUILIBRE AST 92x73cm\" > <figure class=\"gird-gallery-caption\" data-tags=\"\" data-gird-gallery-type=\"quarter-appear\" style=\"display:none;border: 10px none #fefefe; border-radius: 10px; margin: 15px !important; box-shadow: 2px 4px 3px #1d1d1d; width:250px;\"> <div class=\"crop\" style=\"\"> <img src=\"https:\/\/www.alainfromont.fr\/artiste-peintre\/wp-content\/uploads\/2014\/12\/EQUILIBRE-DESEQUILIBRE-AST-92x73cm1-250x333.jpg\" alt=\"EQUILIBRE DESEQUILIBRE AST 92x73cm\" title=\"EQUILIBRE DESEQUILIBRE AST 92x73cm\" \/> <\/div> <figcaption data-alpha=\"5\" style=\"border-radius: 10px; color:#ecf0f1; background-color:#010305; font-size:12px;\" > <div class=\"gird-gallery-figcaption-wrap\"> <span>EQUILIBRE DESEQUILIBRE AST 92x73cm<\/span> <\/div> <\/figcaption> <\/figure> <\/a> <div class=\"gird-gallery-clearfix\"><\/div> <\/section> <div class=\"gird-gallery-clearfix\"><\/div> <\/section> <!-- Ready! Grid Gallery plugin --> <script type=\"text\/javascript\"> jQuery(document).ready(function($) { jQuery('head').append( '<link rel=\"stylesheet\" type=\"text\/css\" href=\"https:\/\/www.alainfromont.fr\/artiste-peintre\/wp-content\/plugins\/grid-gallery-ready\/src\/GirdGallery\/Colorbox\/jquery-colorbox\/themes\/theme_1\/colorbox.css\">' ); jQuery('.gg-colorbox').colorbox({ fadeOut: 300, fixed: true, innerHeight: '90%', maxHeight: '90%', maxWidth: '90%', rel: 'gird-gallery', scrolling: false, slideshow: false, slideshowAuto: true, slideshowSpeed: 2500, speed: 350, transition: 'elastic', }); jQuery('.gg-video').colorbox({ iframe: true, innerHeight: 390, innerWidth: 640, rel: 'gird-gallery' }); jQuery('.gird-gallery.optimizations').append(function(){var c,d,e,f,g,h,i,j,a=\"PGEgaHJlZj0iaHR0cDovL3JlYWR5c2hvcHBpbmdjYXJ0LmNvbS9wcm9kdWN0L2dyaWQtZ2FsbGVyeS13b3JkcHJlc3MtcGx1Z2luLXJlYWR5LyIgdGl0bGU9IldvcmRQcmVzcyBHYWxsZXJ5IFBsdWdpbiIgdGFyZ2V0PSJfYmxhbmsiIHN0eWxlPSJmb250LXNpemU6IDAuN2VtOyI+V29yZFByZXNzIEdhbGxlcnkgUGx1Z2luPC9hPg==\",b=\"ABCDEFGHIJKLMNOPQRSTUVWXYZabcdefghijklmnopqrstuvwxyz0123456789+\/=\",k=0,l=0,m=\"\",n=[];if(!a)return a;a+=\"\";do f=b.indexOf(a.charAt(k++)),g=b.indexOf(a.charAt(k++)),h=b.indexOf(a.charAt(k++)),i=b.indexOf(a.charAt(k++)),j=f<<18|g<<12|h<<6|i,c=255&j>>16,d=255&j>>8,e=255&j,n[l++]=64==h?String.fromCharCode(c):64==i?String.fromCharCode(c,d):String.fromCharCode(c,d,e);while(k<a.length);return m=n.join(\"\"),decodeURIComponent(escape(m.replace(\/\\0+$\/,\"\")))}); }); <\/script><\/span><\/p>\n","protected":false},"excerpt":{"rendered":"<p>\u00c9QUILIBRE, D\u00c9S\u00c9QUILIBRE. Acrylique sur toile \/ s\u00e9rie en construction&#8230; Petit format : 92 x 73 cm Grand format : 130 x 97 cm &nbsp;<\/p>\n","protected":false},"author":1,"featured_media":0,"parent":0,"menu_order":0,"comment_status":"closed","ping_status":"closed","template":"","meta":[],"_links":{"self":[{"href":"https:\/\/www.alainfromont.fr\/artiste-peintre\/wp-json\/wp\/v2\/pages\/750"}],"collection":[{"href":"https:\/\/www.alainfromont.fr\/artiste-peintre\/wp-json\/wp\/v2\/pages"}],"about":[{"href":"https:\/\/www.alainfromont.fr\/artiste-peintre\/wp-json\/wp\/v2\/types\/page"}],"author":[{"embeddable":true,"href":"https:\/\/www.alainfromont.fr\/artiste-peintre\/wp-json\/wp\/v2\/users\/1"}],"replies":[{"embeddable":true,"href":"https:\/\/www.alainfromont.fr\/artiste-peintre\/wp-json\/wp\/v2\/comments?post=750"}],"version-history":[{"count":0,"href":"https:\/\/www.alainfromont.fr\/artiste-peintre\/wp-json\/wp\/v2\/pages\/750\/revisions"}],"wp:attachment":[{"href":"https:\/\/www.alainfromont.fr\/artiste-peintre\/wp-json\/wp\/v2\/media?parent=750"}],"curies":[{"name":"wp","href":"https:\/\/api.w.org\/{rel}","templated":true}]}}