{"id":842,"date":"2014-10-01T08:40:58","date_gmt":"2014-10-01T07:40:58","guid":{"rendered":"http:\/\/www.alainfromont.fr\/artiste-peintre\/?page_id=842"},"modified":"2014-10-01T08:41:58","modified_gmt":"2014-10-01T07:41:58","slug":"article-de-la-journaliste-libanaise-doha-mol","status":"publish","type":"page","link":"https:\/\/www.alainfromont.fr\/artiste-peintre\/article-de-la-journaliste-libanaise-doha-mol\/","title":{"rendered":"Article de la journaliste libanaise Doha Mol :"},"content":{"rendered":"<h1 class=\"Style4\">L&rsquo;\u0153uvre de l&rsquo;artiste Fran\u00e7ais Alain Fromont :<\/h1>\n<p class=\"Style3\">Harmonie entre le regard abstrait et l\u2019\u00e9paisseur des couleurs.<\/p>\n<p class=\"Style3\">Dans les chefs d\u2019\u0153uvres d\u2019Alain Fromont, les concepts g\u00e9om\u00e9triques s\u2019enchev\u00eatrent avec les couleurs de base \u00e0 surfaces et angles quadrants. Des \u00e9l\u00e9ments illuminant se forment, ils s\u2019unissent, se s\u00e9parent et se frottent dans des dimensions sym\u00e9triques de nature active. Alain Fromont essaie de cr\u00e9er un mouvement cosmique qui commence \u00e0\u00a0partir d\u2019un point visuel et se distribue en plusieurs autres pour revenir au point de d\u00e9part. Ce point qui incarne une harmonie dans l\u2019\u00e9paisseur des couleurs, sa transparence et sa capacit\u00e9\u00a0\u00e0\u00a0clarifier les mesures g\u00e9om\u00e9triques, donne un rythme tr\u00e8s agr\u00e9able \u00e0 l\u2019\u0153il. Ce rythme est n\u00e9 des lignes r\u00e9p\u00e9t\u00e9es qui s\u2019accordent avec le mouvement des couleurs r\u00e9flexives et des lignes parall\u00e8les impressionnables.<\/p>\n<p class=\"Style3\">Ces lignes pr\u00e9parent les yeux \u00e0 une vue en multi-dimensions, de la lumi\u00e8re et de l\u2019ombre, du n\u00e9ant et de la mati\u00e8re, de la longueur et de la largeur, et enfin des courbes g\u00e9om\u00e9triques. Les lignes et les courbes se basent sur la coh\u00e9sion des masses de couleurs et leur capacit\u00e9 \u00e0 sugg\u00e9rer des rythmes merveilleux.<\/p>\n<p class=\"Style3\">Une unit\u00e9\u00a0artistique coh\u00e9rente g\u00e9om\u00e9triquement apparait, elle invite le spectateur \u00e0\u00a0 explorer, dans le tableau, la ressemblance, la sym\u00e9trie, l\u2019\u00e9quilibre, la convergence, et le r\u00e9confort visuel fond\u00e9 sur l\u2019enchev\u00eatrement entre les lignes obliques, verticales et horizontales.<\/p>\n<p class=\"Style3\">Les couleurs, souples et dispers\u00e9es attrapent absolument notre regard, une l\u00e9g\u00e8ret\u00e9 g\u00e9om\u00e9trique satur\u00e9e par des vides \u00e9clair\u00e9s aide \u00e0 activer le mouvement profond du tableau abstrait. Cette l\u00e9g\u00e8ret\u00e9 se voit, bas\u00e9e sur des couches g\u00e9om\u00e9triques et chromatiques comme si chaque couleur incarne un mot artistique qui danse sur la piste d\u2019un univers symphonique, un univers qui s\u2019amplifie dans l\u2019imagination et la logique. La symphonie engendre une philosophie qui rassemble le sensuel et le tangible dans un seul tissu virtuel et mystique donnant la naissance ainsi \u00e0 une force esth\u00e9tique impressionnable.<\/p>\n<p class=\"Style3\">La couleur se manifeste parfois avec clart\u00e9\u00a0sans \u00eatre dilu\u00e9e ou alli\u00e9e\u00a0\u00e0\u00a0 une autre. Cette couleur s\u2019installe dans le tissu du tableau qui s\u2019adresse \u00e0\u00a0nos sens et \u00e0 notre raison pour s\u2019\u00e9veiller et contempler.<\/p>\n<p class=\"Style3\">Des \u00e9quilibres visuels, semblables \u00e0\u00a0une sc\u00e8ne de th\u00e9\u00e2tre rayonnante par les mouvements et les lumi\u00e8res, procurent au tableau une vitalit\u00e9 et un dynamisme n\u00e9s de l\u2019effet des couleurs et des lumi\u00e8res, de la clart\u00e9 et de l\u2019ombre. Le l\u00e9ger et le sombre donnent \u00e0\u00a0l\u2019univers int\u00e9rieur du tableau un poids et une profondeur contradictoires avec l\u2019univers ext\u00e9rieur. Repr\u00e9sent\u00e9 par des traits abstraits.<\/p>\n<p class=\"Style3\">L\u2019abstrait se figure compatible g\u00e9om\u00e9triquement avec le drame des couleurs. Ces derni\u00e8res composent un rideau infiniment satur\u00e9 d\u2019ondes et de plissements imposant ainsi un pouvoir indescriptible \u00e0 \u00e9laborer la perspective g\u00e9om\u00e9trique et le parall\u00e9lisme \u00e0 trois dimensions.<\/p>\n<p class=\"Style3\">Notre regard est invit\u00e9\u00a0 \u00e0\u00a0se promener dans l\u2019infini, et notre pens\u00e9e\u00a0\u00e0\u00a0se plonger dans l\u2019imagination. Alain Fromont, qui a mati\u00e8ris\u00e9 la peinture de ses tableaux, ouvre des univers sensuels impressionnants dans l\u2019esprit du spectateur.<\/p>\n<p class=\"Style3\">Un contemplateur des th\u00e8mes d\u2019Alain Fromont, caract\u00e9ris\u00e9 par le sens artistique, l\u2019\u00e9motion et la raison, se sent \u00e9quilibr\u00e9 entre la g\u00e9om\u00e9trie et l\u2019abstraction, entre l\u2019ondul\u00e9 et le droit, entre la lumi\u00e8re et l\u2019ombre.<\/p>\n<p class=\"Style3\">Les conceptions g\u00e9om\u00e9triques et graphiques donnent au tableau un langage de couleurs profond\u00e9ment abstrait et logique. Le contraste, la similitude et la dissemblance procurent des formes proportionnellement coh\u00e9rentes, bas\u00e9es sur l\u2019id\u00e9e d\u2019accouplement et de soudure.<\/p>\n<p class=\"Style3\">On admire la sensation d\u2019un mouvement profond n\u00e9 des lignes obliques qui vont en contraste avec les couleurs et leur demi-vagabondage. Les lignes se balancent \u00e0 la forme d\u2019un croissant ou demi-cercle refl\u00e9tant ainsi des propri\u00e9t\u00e9s fines. Elles s\u2019adressent aux sensations humaines afin d\u2019explorer leurs myst\u00e8res g\u00e9om\u00e9triques et leurs chemins symboliques au sein d\u2019un art bas\u00e9 sur la ligne et la couleur.<\/p>\n<p class=\"Style3\">Par les couleurs et les lignes g\u00e9om\u00e9triques, Alain Fromont cr\u00e9e un univers artistique qui donne l\u2019occasion \u00e0 la naissance de concepts esth\u00e9tiques \u00e0 plusieurs horizons.<\/p>\n<p class=\"Style3\">Les lignes g\u00e9om\u00e9triques et les couleurs charmantes sont inspir\u00e9es d\u2019une nature morte, \u00e0\u00a0 tonalit\u00e9\u00a0et concept particuliers, pour nous conduire \u00e0\u00a0une philosophie unique, une philosophie \u00e0\u00a0caract\u00e9ristiques agr\u00e9ables au contemplateur.<\/p>\n<p class=\"Style3\">Le jeu de la lumi\u00e8re et de l\u2019ombre invite notre regard \u00e0\u00a0admirer un art g\u00e9nial ou l\u2019on voit une danse\u00a0 rythmique et chromatique remarqu\u00e9e dans la plupart des tableaux abstraits du peintre. Ce jeu ouvre les horizons de l\u2019imagination humaine \u00e0 assister \u00e0 une pi\u00e8ce de th\u00e9\u00e2tre qui repr\u00e9sente un univers sp\u00e9cial, \u00e0 mouvements particuliers. Sur les surfaces du tableau, un sens profond est \u00e9labor\u00e9 par le jeu des couleurs claires et sombres et des lignes sym\u00e9triques.<\/p>\n<p class=\"Style3\">Dans ce chef d\u2019\u0153uvre d\u2019Alain Fromont (la puissance de la terre), les \u00e9missions g\u00e9om\u00e9triques qui envahirent les univers graphiques prennent des lignes imaginaires une base d\u2019inspiration. C\u2019est une base qui nous excite \u00e0 penser aux ressources ext\u00e9rieures des paysages de la nature avec ses contradictions abstraites dans les couleurs, leur force d\u2019impression et leur musique active.<\/p>\n<p class=\"Style3\">Les touches improvis\u00e9es de la brosse d\u2019Alain Fromont donnent au tableau une force esth\u00e9tique n\u00e9e des improvisations artistiques du peintre et avec laquelle on sent la pr\u00e9sence active de son \u00e5me.<\/p>\n<p class=\"Style3\">Alain Fromont est pr\u00e9sent dans la simplicit\u00e9 avec laquelle il combine les \u00e9l\u00e9ments de son tableau, dans la conscience g\u00e9om\u00e9trique et ses dimensions, envahies par l\u2019id\u00e9e des univers lumineux et des couleurs. Ce sont des dimensions qui refl\u00e8tent la conception du temps et du lieu.<\/p>\n<p class=\"Style3\">Des contradictions dans le fond et la forme nous conduisent \u00e0 reconnaitre les valeurs g\u00e9om\u00e9triques neutres et les unit\u00e9s artistiques limit\u00e9es graphiquement. Tout est \u00e9tendu\u00a0 jusqu\u2019\u00e0 l\u2019infini dans des dimensions qui ouvrent devant nos yeux l\u2019\u00e9tonnement, la contemplation et l\u2019interaction sensuelle avec le tissu du tableau saillant et creux en g\u00e9n\u00e9ral.<\/p>\n<p class=\"Style3\">Ce mouvement organis\u00e9 int\u00e9rieurement se voit anarchique ext\u00e9rieurement. Il est produit par des principes fondamentaux et subjectifs de la part de l\u2019artiste. Ce mouvement permet au spectateur de cr\u00e9er des sc\u00e8nes imaginaires qui l\u2019invitent \u00e0 reconstruire des lignes verticales, horizontales et courb\u00e9es. Le contemplateur se voit en harmonie avec ses sensations internes\u00a0 et il est facilement pr\u00eat \u00e0 d\u00e9couvrir avec finesse les conclusions d\u2019Alain Fromont.<\/p>\n<p class=\"Style3\">Le visuel, charmant dans le tableau, se voit comme une \u00e9toile qui apparait et se cache selon l\u2019augmentation de la lumi\u00e8re et la diminution de l\u2019ombre, et \u00e0 l\u2019extension de l\u2019imagination et le retrait de la r\u00e9alit\u00e9. Ce point guide \u00e0 apercevoir un monde apocalyptique \u00e0 plusieurs formes et surfaces g\u00e9om\u00e9triques. Il polarise chaque mouvement et chaque lumi\u00e8re, incarn\u00e9s par le peintre, dans la viscosit\u00e9 des couleurs.<\/p>\n<p class=\"Style3\">Cette viscosit\u00e9\u00a0 des couleurs apparait comme une masse solide \u00e0\u00a0humeur graphique et \u00e0\u00a0expressions artistiques vagues. Les \u00e9l\u00e9ments du tableau ont annonc\u00e9\u00a0une bataille entre le Bien et le Mal, le Jour et la Nuit, la Masculinit\u00e9\u00a0et la F\u00e9minit\u00e9, entre les Plan\u00e8tes et les \u00e9toiles.<\/p>\n<p class=\"Style3\">Les lignes, qui ont un effet primordial sur la longueur, la circulaire et la formation unie du tableau avec sa perspective, ont d\u00e9clar\u00e9 une guerre am\u00e8re contre les lignes romantiques \u00e0 contradictions fortes et couleurs \u00e9paisses. Tout est en harmonie dans les diverses sc\u00e8nes du tableau.<\/p>\n<p class=\"Style3\">A travers une correspondance parfaite, Alain Fromont fixe les conceptions g\u00e9om\u00e9triques qui repr\u00e9sentent son point de rep\u00e8re. Ces conceptions g\u00e9om\u00e9triques ont \u00e9t\u00e9 plong\u00e9es dans l\u2019abstrait pour engendrer un mouvement visuel qui s\u2019adresse \u00e0 l\u2019esprit humain et l\u2019invite \u00e0 contempler et \u00e0 penser \u00e0 chaque ligne g\u00e9om\u00e9trique, longue ou courte, large ou mince, horizontale ou verticale, r\u00e9elle, imaginaire ou patente.<\/p>\n<p class=\"Style3\">Des imaginations essentielles sont cr\u00e9\u00e9es, la stylisation et la conception s\u2019enchev\u00eatrent ainsi que les \u00e9l\u00e9ments et les motivations.<\/p>\n<p class=\"Style3\">Le temps chez Alain Fromont est proportionnel. L\u2019abstrait dans son tableau montre la dimension du temps par rapport \u00e0\u00a0lui. C\u2019est une dimension qui se dilate et se r\u00e9tr\u00e9cit avec le taux de couleurs qu\u2019il utilise et sa vitalit\u00e9\u00a0 \u00e0\u00a0construire les formes et les volumes suggestifs g\u00e9om\u00e9triquement.<\/p>\n<p class=\"Style3\">Doha Abdul Raouf Mol\u00a0(\u00a0Traduit par Lina Khazaal ) Doha Mol <span class=\"Style3\"><a href=\"mailto:dohamol@hotmail.com\" target=\"_blank\">dohamol@hotmail.com<\/a><\/span><\/p>\n","protected":false},"excerpt":{"rendered":"<p>L&rsquo;\u0153uvre de l&rsquo;artiste Fran\u00e7ais Alain Fromont : Harmonie entre le regard abstrait et l\u2019\u00e9paisseur des couleurs. Dans les chefs d\u2019\u0153uvres d\u2019Alain Fromont, les concepts g\u00e9om\u00e9triques s\u2019enchev\u00eatrent avec les couleurs de base \u00e0 surfaces et angles quadrants. Des \u00e9l\u00e9ments illuminant se forment, ils s\u2019unissent, se s\u00e9parent et se frottent dans des dimensions sym\u00e9triques de nature active. [&hellip;]<\/p>\n","protected":false},"author":1,"featured_media":0,"parent":0,"menu_order":0,"comment_status":"open","ping_status":"open","template":"","meta":[],"_links":{"self":[{"href":"https:\/\/www.alainfromont.fr\/artiste-peintre\/wp-json\/wp\/v2\/pages\/842"}],"collection":[{"href":"https:\/\/www.alainfromont.fr\/artiste-peintre\/wp-json\/wp\/v2\/pages"}],"about":[{"href":"https:\/\/www.alainfromont.fr\/artiste-peintre\/wp-json\/wp\/v2\/types\/page"}],"author":[{"embeddable":true,"href":"https:\/\/www.alainfromont.fr\/artiste-peintre\/wp-json\/wp\/v2\/users\/1"}],"replies":[{"embeddable":true,"href":"https:\/\/www.alainfromont.fr\/artiste-peintre\/wp-json\/wp\/v2\/comments?post=842"}],"version-history":[{"count":0,"href":"https:\/\/www.alainfromont.fr\/artiste-peintre\/wp-json\/wp\/v2\/pages\/842\/revisions"}],"wp:attachment":[{"href":"https:\/\/www.alainfromont.fr\/artiste-peintre\/wp-json\/wp\/v2\/media?parent=842"}],"curies":[{"name":"wp","href":"https:\/\/api.w.org\/{rel}","templated":true}]}}